{"id":72,"date":"2021-01-22T17:22:57","date_gmt":"2021-01-22T16:22:57","guid":{"rendered":"http:\/\/lejaaccount.cz\/?page_id=72"},"modified":"2023-01-21T23:16:19","modified_gmt":"2023-01-21T22:16:19","slug":"uvodni-stranka","status":"publish","type":"page","link":"https:\/\/lejaaccount.cz\/","title":{"rendered":"LeJa Account, s.r.o."},"content":{"rendered":"\n<figure class=\"wp-block-gallery alignright has-nested-images columns-default is-cropped wp-block-gallery-1 is-layout-flex wp-block-gallery-is-layout-flex\">\n<figure class=\"wp-block-image size-large is-style-rounded\"><img loading=\"lazy\" decoding=\"async\" width=\"412\" height=\"442\" data-id=\"84\" src=\"http:\/\/lejaaccount.cz\/wp-content\/uploads\/2021\/01\/pohoda-1.jpg\" alt=\"\" class=\"wp-image-84\" srcset=\"https:\/\/lejaaccount.cz\/wp-content\/uploads\/2021\/01\/pohoda-1.jpg 412w, https:\/\/lejaaccount.cz\/wp-content\/uploads\/2021\/01\/pohoda-1-280x300.jpg 280w\" sizes=\"auto, (max-width: 412px) 100vw, 412px\" \/><\/figure>\n<\/figure>\n\n\n<p><a href=\"http:\/\/firmy.pohoda.cz\"><img decoding=\"async\" style=\"border:0\" alt=\"Firmy POHODA\" src=\"https:\/\/www.stormware.cz\/image\/ostatni\/BanFirmaPH02.png\"><\/a><\/p>\n\n\n<p><strong>V\u00edtejte v na\u0161em sv\u011bt\u011b \u00fa\u010detnictv\u00ed, dan\u00ed, mezd a personalistiky.<\/strong><\/p>\n\n\n\n<p>Optim\u00e1ln\u011b nastaven\u00fd syst\u00e9m online \u00fa\u010detnictv\u00ed V\u00e1m u\u0161et\u0159\u00ed nejen drahocenn\u00fd \u010das, ale i nemal\u00e9 finan\u010dn\u00ed \u010d\u00e1stky, kter\u00e9 nemus\u00edte investovat do \u00fa\u010detn\u00edho softwaru. V\u011bnujte se sv\u00e9mu podnik\u00e1n\u00ed a \u00fa\u010dty nechte na n\u00e1s. Poskytneme V\u00e1m kompletn\u00ed servis podvojn\u00e9ho \u00fa\u010detnictv\u00ed, da\u0148ov\u00e9 evidence, administrativy, mezd i personalistiky.<\/p>\n\n\n\n<figure class=\"wp-block-embed is-type-wp-embed is-provider-leja-account-s-r-o wp-block-embed-leja-account-s-r-o\"><div class=\"wp-block-embed__wrapper\">\n<blockquote class=\"wp-embedded-content\" data-secret=\"I8Qo28gHbb\"><a href=\"https:\/\/lejaaccount.cz\/index.php\/2023\/01\/19\/cestovni-nahrady-v-roce-2023\/\">Cestovn\u00ed n\u00e1hrady v roce 2023<\/a><\/blockquote><iframe loading=\"lazy\" class=\"wp-embedded-content\" sandbox=\"allow-scripts\" security=\"restricted\" style=\"position: absolute; clip: rect(1px, 1px, 1px, 1px);\" title=\"&#8222;Cestovn\u00ed n\u00e1hrady v roce 2023&#8220; &#8212; LeJa Account, s.r.o.\" src=\"https:\/\/lejaaccount.cz\/index.php\/2023\/01\/19\/cestovni-nahrady-v-roce-2023\/embed\/#?secret=p3ipc1h1mY#?secret=I8Qo28gHbb\" data-secret=\"I8Qo28gHbb\" width=\"600\" height=\"338\" frameborder=\"0\" marginwidth=\"0\" marginheight=\"0\" scrolling=\"no\"><\/iframe>\n<\/div><\/figure>\n\n\n<p><blockquote class=\"wp-embedded-content\" data-secret=\"6NhzG0LDFa\"><a href=\"https:\/\/lejaaccount.cz\/index.php\/2022\/10\/24\/i-zakonik-prace-ceka-v-roce-2023-zmeny\/\">I Z\u00c1KON\u00cdK PR\u00c1CE \u010cEK\u00c1 V ROCE 2023 NOVELIZACE<\/a><\/blockquote><iframe loading=\"lazy\" class=\"wp-embedded-content\" sandbox=\"allow-scripts\" security=\"restricted\" style=\"position: absolute; clip: rect(1px, 1px, 1px, 1px);\" title=\"&#8222;I Z\u00c1KON\u00cdK PR\u00c1CE \u010cEK\u00c1 V ROCE 2023 NOVELIZACE&#8220; &#8212; LeJa Account, s.r.o.\" src=\"https:\/\/lejaaccount.cz\/index.php\/2022\/10\/24\/i-zakonik-prace-ceka-v-roce-2023-zmeny\/embed\/#?secret=DoUOZWqTZr#?secret=6NhzG0LDFa\" data-secret=\"6NhzG0LDFa\" width=\"600\" height=\"338\" frameborder=\"0\" marginwidth=\"0\" marginheight=\"0\" scrolling=\"no\"><\/iframe><\/p>\n\n\n<hr class=\"wp-block-separator has-css-opacity\"\/>\n\n\n\n<figure class=\"wp-block-image size-large\"><img loading=\"lazy\" decoding=\"async\" width=\"724\" height=\"1024\" src=\"https:\/\/lejaaccount.cz\/wp-content\/uploads\/2022\/10\/letak_sluzby_leja-1-724x1024.png\" alt=\"\" class=\"wp-image-196\" srcset=\"https:\/\/lejaaccount.cz\/wp-content\/uploads\/2022\/10\/letak_sluzby_leja-1-724x1024.png 724w, https:\/\/lejaaccount.cz\/wp-content\/uploads\/2022\/10\/letak_sluzby_leja-1-212x300.png 212w, https:\/\/lejaaccount.cz\/wp-content\/uploads\/2022\/10\/letak_sluzby_leja-1-768x1086.png 768w, https:\/\/lejaaccount.cz\/wp-content\/uploads\/2022\/10\/letak_sluzby_leja-1-1086x1536.png 1086w, https:\/\/lejaaccount.cz\/wp-content\/uploads\/2022\/10\/letak_sluzby_leja-1.png 1414w\" sizes=\"auto, (max-width: 724px) 100vw, 724px\" \/><\/figure>\n","protected":false},"excerpt":{"rendered":"<p>V\u00edtejte v na\u0161em sv\u011bt\u011b \u00fa\u010detnictv\u00ed, dan\u00ed, mezd a personalistiky. Optim\u00e1ln\u011b nastaven\u00fd syst\u00e9m online \u00fa\u010detnictv\u00ed V\u00e1m u\u0161et\u0159\u00ed nejen drahocenn\u00fd \u010das, ale i nemal\u00e9 finan\u010dn\u00ed \u010d\u00e1stky, kter\u00e9 nemus\u00edte investovat do \u00fa\u010detn\u00edho softwaru. V\u011bnujte se sv\u00e9mu podnik\u00e1n\u00ed a \u00fa\u010dty nechte na n\u00e1s. Poskytneme V\u00e1m kompletn\u00ed servis podvojn\u00e9ho \u00fa\u010detnictv\u00ed, da\u0148ov\u00e9 evidence, administrativy, mezd i personalistiky. I Z\u00c1KON\u00cdK PR\u00c1CE \u010cEK\u00c1 [&hellip;]<\/p>\n","protected":false},"author":2,"featured_media":0,"parent":0,"menu_order":0,"comment_status":"closed","ping_status":"closed","template":"","meta":{"footnotes":""},"class_list":["post-72","page","type-page","status-publish","hentry"],"_links":{"self":[{"href":"https:\/\/lejaaccount.cz\/index.php\/wp-json\/wp\/v2\/pages\/72","targetHints":{"allow":["GET"]}}],"collection":[{"href":"https:\/\/lejaaccount.cz\/index.php\/wp-json\/wp\/v2\/pages"}],"about":[{"href":"https:\/\/lejaaccount.cz\/index.php\/wp-json\/wp\/v2\/types\/page"}],"author":[{"embeddable":true,"href":"https:\/\/lejaaccount.cz\/index.php\/wp-json\/wp\/v2\/users\/2"}],"replies":[{"embeddable":true,"href":"https:\/\/lejaaccount.cz\/index.php\/wp-json\/wp\/v2\/comments?post=72"}],"version-history":[{"count":58,"href":"https:\/\/lejaaccount.cz\/index.php\/wp-json\/wp\/v2\/pages\/72\/revisions"}],"predecessor-version":[{"id":262,"href":"https:\/\/lejaaccount.cz\/index.php\/wp-json\/wp\/v2\/pages\/72\/revisions\/262"}],"wp:attachment":[{"href":"https:\/\/lejaaccount.cz\/index.php\/wp-json\/wp\/v2\/media?parent=72"}],"curies":[{"name":"wp","href":"https:\/\/api.w.org\/{rel}","templated":true}]}}